{"id":275,"date":"2025-02-03T10:05:29","date_gmt":"2025-02-03T09:05:29","guid":{"rendered":"https:\/\/strona-slubna.mystiweb.com.pl\/?post_type=product&#038;p=275"},"modified":"2025-04-11T13:21:12","modified_gmt":"2025-04-11T11:21:12","slug":"zestaw-herbat-kwitnacych","status":"publish","type":"product","link":"https:\/\/strona-slubna.mystiweb.com.pl\/en\/product\/zestaw-herbat-kwitnacych\/","title":{"rendered":"A set of flowering teas"},"content":{"rendered":"<p>We love to celebrate moments of peace with a cup of good tea. The flowering tea set is a blend of the highest quality tea leaves.<\/p>\n<p>Link: https:\/\/greentouch.pl\/herbaty-kwitnace\/zestaw-herbat-kwitnacych-24-szt-w-skrzynce-na-prezent-herbaciarka-grawer<\/p>\n<p>Price: 50 $<\/p>\n<p>The picture of the product is illustrative<\/p>","protected":false},"excerpt":{"rendered":"<p>Uwielbiamy celebrowa\u0107 chwile spokoju przy fili\u017cance dobrej herbaty. Zestaw kwitn\u0105cych herbat to mieszanka najwy\u017cszej jako\u015bci li\u015bci herbacianych. Link: https:\/\/greentouch.pl\/herbaty-kwitnace\/zestaw-herbat-kwitnacych-24-szt-w-skrzynce-na-prezent-herbaciarka-grawer Cena: 179 z\u0142 Zd\u0119cie produktu jest pogl\u0105dowe<\/p>","protected":false},"featured_media":357,"template":"","meta":{"_uag_custom_page_level_css":""},"product_brand":[],"product_cat":[20],"product_tag":[],"class_list":{"0":"post-275","1":"product","2":"type-product","3":"status-publish","4":"has-post-thumbnail","6":"product_cat-bez-kategorii","8":"first","9":"instock","10":"virtual","11":"purchasable","12":"product-type-simple"},"uagb_featured_image_src":{"full":["https:\/\/strona-slubna.mystiweb.com.pl\/wp-content\/uploads\/sites\/5\/2025\/02\/pexels-osmachko-230489.jpg",1280,844,false],"thumbnail":["https:\/\/strona-slubna.mystiweb.com.pl\/wp-content\/uploads\/sites\/5\/2025\/02\/pexels-osmachko-230489-150x150.jpg",150,150,true],"medium":["https:\/\/strona-slubna.mystiweb.com.pl\/wp-content\/uploads\/sites\/5\/2025\/02\/pexels-osmachko-230489-300x198.jpg",300,198,true],"medium_large":["https:\/\/strona-slubna.mystiweb.com.pl\/wp-content\/uploads\/sites\/5\/2025\/02\/pexels-osmachko-230489-768x506.jpg",768,506,true],"large":["https:\/\/strona-slubna.mystiweb.com.pl\/wp-content\/uploads\/sites\/5\/2025\/02\/pexels-osmachko-230489-1024x675.jpg",1024,675,true],"1536x1536":["https:\/\/strona-slubna.mystiweb.com.pl\/wp-content\/uploads\/sites\/5\/2025\/02\/pexels-osmachko-230489.jpg",1280,844,false],"2048x2048":["https:\/\/strona-slubna.mystiweb.com.pl\/wp-content\/uploads\/sites\/5\/2025\/02\/pexels-osmachko-230489.jpg",1280,844,false],"trp-custom-language-flag":["https:\/\/strona-slubna.mystiweb.com.pl\/wp-content\/uploads\/sites\/5\/2025\/02\/pexels-osmachko-230489.jpg",18,12,false],"woocommerce_thumbnail":["https:\/\/strona-slubna.mystiweb.com.pl\/wp-content\/uploads\/sites\/5\/2025\/02\/pexels-osmachko-230489-300x300.jpg",300,300,true],"woocommerce_single":["https:\/\/strona-slubna.mystiweb.com.pl\/wp-content\/uploads\/sites\/5\/2025\/02\/pexels-osmachko-230489-600x396.jpg",600,396,true],"woocommerce_gallery_thumbnail":["https:\/\/strona-slubna.mystiweb.com.pl\/wp-content\/uploads\/sites\/5\/2025\/02\/pexels-osmachko-230489-100x100.jpg",100,100,true]},"uagb_author_info":{"display_name":"mystiweb","author_link":"https:\/\/strona-slubna.mystiweb.com.pl\/en\/author\/"},"uagb_comment_info":0,"uagb_excerpt":"Uwielbiamy celebrowa\u0107 chwile spokoju przy fili\u017cance dobrej herbaty. Zestaw kwitn\u0105cych herbat to mieszanka najwy\u017cszej jako\u015bci li\u015bci herbacianych. Link: https:\/\/greentouch.pl\/herbaty-kwitnace\/zestaw-herbat-kwitnacych-24-szt-w-skrzynce-na-prezent-herbaciarka-grawer Cena: 179 z\u0142 Zd\u0119cie produktu jest pogl\u0105dowe","_links":{"self":[{"href":"https:\/\/strona-slubna.mystiweb.com.pl\/en\/wp-json\/wp\/v2\/product\/275","targetHints":{"allow":["GET"]}}],"collection":[{"href":"https:\/\/strona-slubna.mystiweb.com.pl\/en\/wp-json\/wp\/v2\/product"}],"about":[{"href":"https:\/\/strona-slubna.mystiweb.com.pl\/en\/wp-json\/wp\/v2\/types\/product"}],"wp:featuredmedia":[{"embeddable":true,"href":"https:\/\/strona-slubna.mystiweb.com.pl\/en\/wp-json\/wp\/v2\/media\/357"}],"wp:attachment":[{"href":"https:\/\/strona-slubna.mystiweb.com.pl\/en\/wp-json\/wp\/v2\/media?parent=275"}],"wp:term":[{"taxonomy":"product_brand","embeddable":true,"href":"https:\/\/strona-slubna.mystiweb.com.pl\/en\/wp-json\/wp\/v2\/product_brand?post=275"},{"taxonomy":"product_cat","embeddable":true,"href":"https:\/\/strona-slubna.mystiweb.com.pl\/en\/wp-json\/wp\/v2\/product_cat?post=275"},{"taxonomy":"product_tag","embeddable":true,"href":"https:\/\/strona-slubna.mystiweb.com.pl\/en\/wp-json\/wp\/v2\/product_tag?post=275"}],"curies":[{"name":"wp","href":"https:\/\/api.w.org\/{rel}","templated":true}]}}