{"id":273,"date":"2025-02-03T10:03:30","date_gmt":"2025-02-03T09:03:30","guid":{"rendered":"https:\/\/strona-slubna.mystiweb.com.pl\/?post_type=product&#038;p=273"},"modified":"2025-04-11T13:20:46","modified_gmt":"2025-04-11T11:20:46","slug":"air-fryer-philips-ovi-mini-air","status":"publish","type":"product","link":"https:\/\/strona-slubna.mystiweb.com.pl\/en\/product\/air-fryer-philips-ovi-mini-air\/","title":{"rendered":"Air Fryer PHILIPS Ovi Mini Air"},"content":{"rendered":"<p>We want to eat healthier, but not give up our favorite flavors! The Philips Airfryer XXL fat-free fryer will allow us to prepare crispy fries, juicy meats and crunchy vegetables.<\/p>\n<p>Link: https:\/\/butikdworski.pl\/strona-glowna\/295-22-voucher_na_masaz_relaksacyjny#\/37-voucher-elektroniczny_twoja_wlasna_dedykacja_wysylka_tylko_na_e_mail<\/p>\n<p>Price 120 $<\/p>\n<p>The picture of the product is illustrative<\/p>","protected":false},"excerpt":{"rendered":"<p>Chcemy je\u015b\u0107 zdrowiej, ale nie rezygnowa\u0107 z ulubionych smak\u00f3w! Frytkownica bezt\u0142uszczowa Philips Airfryer XXL pozwoli nam przygotowa\u0107 chrupi\u0105ce frytki, soczyste mi\u0119sa i chrupi\u0105ce warzywa. Link: https:\/\/butikdworski.pl\/strona-glowna\/295-22-voucher_na_masaz_relaksacyjny#\/37-voucher-elektroniczny_twoja_wlasna_dedykacja_wysylka_tylko_na_e_mail Cena: 589 z\u0142 Zd\u0119cie produktu jest pogl\u0105dowe<\/p>","protected":false},"featured_media":358,"template":"","meta":{"_uag_custom_page_level_css":""},"product_brand":[],"product_cat":[20],"product_tag":[],"class_list":{"0":"post-273","1":"product","2":"type-product","3":"status-publish","4":"has-post-thumbnail","6":"product_cat-bez-kategorii","8":"first","9":"instock","10":"virtual","11":"purchasable","12":"product-type-simple"},"uagb_featured_image_src":{"full":["https:\/\/strona-slubna.mystiweb.com.pl\/wp-content\/uploads\/sites\/5\/2025\/02\/27852.jpg",1000,571,false],"thumbnail":["https:\/\/strona-slubna.mystiweb.com.pl\/wp-content\/uploads\/sites\/5\/2025\/02\/27852-150x150.jpg",150,150,true],"medium":["https:\/\/strona-slubna.mystiweb.com.pl\/wp-content\/uploads\/sites\/5\/2025\/02\/27852-300x171.jpg",300,171,true],"medium_large":["https:\/\/strona-slubna.mystiweb.com.pl\/wp-content\/uploads\/sites\/5\/2025\/02\/27852-768x439.jpg",768,439,true],"large":["https:\/\/strona-slubna.mystiweb.com.pl\/wp-content\/uploads\/sites\/5\/2025\/02\/27852.jpg",1000,571,false],"1536x1536":["https:\/\/strona-slubna.mystiweb.com.pl\/wp-content\/uploads\/sites\/5\/2025\/02\/27852.jpg",1000,571,false],"2048x2048":["https:\/\/strona-slubna.mystiweb.com.pl\/wp-content\/uploads\/sites\/5\/2025\/02\/27852.jpg",1000,571,false],"trp-custom-language-flag":["https:\/\/strona-slubna.mystiweb.com.pl\/wp-content\/uploads\/sites\/5\/2025\/02\/27852.jpg",18,10,false],"woocommerce_thumbnail":["https:\/\/strona-slubna.mystiweb.com.pl\/wp-content\/uploads\/sites\/5\/2025\/02\/27852-300x300.jpg",300,300,true],"woocommerce_single":["https:\/\/strona-slubna.mystiweb.com.pl\/wp-content\/uploads\/sites\/5\/2025\/02\/27852-600x343.jpg",600,343,true],"woocommerce_gallery_thumbnail":["https:\/\/strona-slubna.mystiweb.com.pl\/wp-content\/uploads\/sites\/5\/2025\/02\/27852-100x100.jpg",100,100,true]},"uagb_author_info":{"display_name":"mystiweb","author_link":"https:\/\/strona-slubna.mystiweb.com.pl\/en\/author\/"},"uagb_comment_info":0,"uagb_excerpt":"Chcemy je\u015b\u0107 zdrowiej, ale nie rezygnowa\u0107 z ulubionych smak\u00f3w! Frytkownica bezt\u0142uszczowa Philips Airfryer XXL pozwoli nam przygotowa\u0107 chrupi\u0105ce frytki, soczyste mi\u0119sa i chrupi\u0105ce warzywa. Link: https:\/\/butikdworski.pl\/strona-glowna\/295-22-voucher_na_masaz_relaksacyjny#\/37-voucher-elektroniczny_twoja_wlasna_dedykacja_wysylka_tylko_na_e_mail Cena: 589 z\u0142 Zd\u0119cie produktu jest pogl\u0105dowe","_links":{"self":[{"href":"https:\/\/strona-slubna.mystiweb.com.pl\/en\/wp-json\/wp\/v2\/product\/273","targetHints":{"allow":["GET"]}}],"collection":[{"href":"https:\/\/strona-slubna.mystiweb.com.pl\/en\/wp-json\/wp\/v2\/product"}],"about":[{"href":"https:\/\/strona-slubna.mystiweb.com.pl\/en\/wp-json\/wp\/v2\/types\/product"}],"wp:featuredmedia":[{"embeddable":true,"href":"https:\/\/strona-slubna.mystiweb.com.pl\/en\/wp-json\/wp\/v2\/media\/358"}],"wp:attachment":[{"href":"https:\/\/strona-slubna.mystiweb.com.pl\/en\/wp-json\/wp\/v2\/media?parent=273"}],"wp:term":[{"taxonomy":"product_brand","embeddable":true,"href":"https:\/\/strona-slubna.mystiweb.com.pl\/en\/wp-json\/wp\/v2\/product_brand?post=273"},{"taxonomy":"product_cat","embeddable":true,"href":"https:\/\/strona-slubna.mystiweb.com.pl\/en\/wp-json\/wp\/v2\/product_cat?post=273"},{"taxonomy":"product_tag","embeddable":true,"href":"https:\/\/strona-slubna.mystiweb.com.pl\/en\/wp-json\/wp\/v2\/product_tag?post=273"}],"curies":[{"name":"wp","href":"https:\/\/api.w.org\/{rel}","templated":true}]}}