{"id":271,"date":"2025-02-03T09:49:28","date_gmt":"2025-02-03T08:49:28","guid":{"rendered":"https:\/\/strona-slubna.mystiweb.com.pl\/?post_type=product&#038;p=271"},"modified":"2025-04-11T13:21:34","modified_gmt":"2025-04-11T11:21:34","slug":"voucher-na-masaz-dla-dwojga","status":"publish","type":"product","link":"https:\/\/strona-slubna.mystiweb.com.pl\/en\/product\/voucher-na-masaz-dla-dwojga\/","title":{"rendered":"Voucher for a massage for two"},"content":{"rendered":"<p>Massage for two will provide us with a great way to relax after the wedding.<\/p>\n<p>Link: https:\/\/butikdworski.pl\/strona-glowna\/295-22-voucher_na_masaz_relaksacyjny#\/37-voucher-elektroniczny_twoja_wlasna_dedykacja_wysylka_tylko_na_e_mail<\/p>\n<p>Price: 140 $<\/p>\n<p>The picture of the product is illustrative<\/p>","protected":false},"excerpt":{"rendered":"<p>Masa\u017c dla dwojga zapewni nam doskona\u0142y spos\u00f3b na relaks po weselu. Link: https:\/\/butikdworski.pl\/strona-glowna\/295-22-voucher_na_masaz_relaksacyjny#\/37-voucher-elektroniczny_twoja_wlasna_dedykacja_wysylka_tylko_na_e_mail Cena: 530 z\u0142 Zd\u0119cie produktu jest pogl\u0105dowe<\/p>","protected":false},"featured_media":272,"template":"","meta":{"_uag_custom_page_level_css":""},"product_brand":[],"product_cat":[20],"product_tag":[],"class_list":{"0":"post-271","1":"product","2":"type-product","3":"status-publish","4":"has-post-thumbnail","6":"product_cat-bez-kategorii","8":"first","9":"instock","10":"virtual","11":"purchasable","12":"product-type-simple"},"uagb_featured_image_src":{"full":["https:\/\/strona-slubna.mystiweb.com.pl\/wp-content\/uploads\/sites\/5\/2025\/02\/pexels-olly-3757942.jpg",640,427,false],"thumbnail":["https:\/\/strona-slubna.mystiweb.com.pl\/wp-content\/uploads\/sites\/5\/2025\/02\/pexels-olly-3757942-150x150.jpg",150,150,true],"medium":["https:\/\/strona-slubna.mystiweb.com.pl\/wp-content\/uploads\/sites\/5\/2025\/02\/pexels-olly-3757942-300x200.jpg",300,200,true],"medium_large":["https:\/\/strona-slubna.mystiweb.com.pl\/wp-content\/uploads\/sites\/5\/2025\/02\/pexels-olly-3757942.jpg",640,427,false],"large":["https:\/\/strona-slubna.mystiweb.com.pl\/wp-content\/uploads\/sites\/5\/2025\/02\/pexels-olly-3757942.jpg",640,427,false],"1536x1536":["https:\/\/strona-slubna.mystiweb.com.pl\/wp-content\/uploads\/sites\/5\/2025\/02\/pexels-olly-3757942.jpg",640,427,false],"2048x2048":["https:\/\/strona-slubna.mystiweb.com.pl\/wp-content\/uploads\/sites\/5\/2025\/02\/pexels-olly-3757942.jpg",640,427,false],"trp-custom-language-flag":["https:\/\/strona-slubna.mystiweb.com.pl\/wp-content\/uploads\/sites\/5\/2025\/02\/pexels-olly-3757942.jpg",18,12,false],"woocommerce_thumbnail":["https:\/\/strona-slubna.mystiweb.com.pl\/wp-content\/uploads\/sites\/5\/2025\/02\/pexels-olly-3757942-300x300.jpg",300,300,true],"woocommerce_single":["https:\/\/strona-slubna.mystiweb.com.pl\/wp-content\/uploads\/sites\/5\/2025\/02\/pexels-olly-3757942-600x400.jpg",600,400,true],"woocommerce_gallery_thumbnail":["https:\/\/strona-slubna.mystiweb.com.pl\/wp-content\/uploads\/sites\/5\/2025\/02\/pexels-olly-3757942-100x100.jpg",100,100,true]},"uagb_author_info":{"display_name":"mystiweb","author_link":"https:\/\/strona-slubna.mystiweb.com.pl\/en\/author\/"},"uagb_comment_info":0,"uagb_excerpt":"Masa\u017c dla dwojga zapewni nam doskona\u0142y spos\u00f3b na relaks po weselu. Link: https:\/\/butikdworski.pl\/strona-glowna\/295-22-voucher_na_masaz_relaksacyjny#\/37-voucher-elektroniczny_twoja_wlasna_dedykacja_wysylka_tylko_na_e_mail Cena: 530 z\u0142 Zd\u0119cie produktu jest pogl\u0105dowe","_links":{"self":[{"href":"https:\/\/strona-slubna.mystiweb.com.pl\/en\/wp-json\/wp\/v2\/product\/271","targetHints":{"allow":["GET"]}}],"collection":[{"href":"https:\/\/strona-slubna.mystiweb.com.pl\/en\/wp-json\/wp\/v2\/product"}],"about":[{"href":"https:\/\/strona-slubna.mystiweb.com.pl\/en\/wp-json\/wp\/v2\/types\/product"}],"wp:featuredmedia":[{"embeddable":true,"href":"https:\/\/strona-slubna.mystiweb.com.pl\/en\/wp-json\/wp\/v2\/media\/272"}],"wp:attachment":[{"href":"https:\/\/strona-slubna.mystiweb.com.pl\/en\/wp-json\/wp\/v2\/media?parent=271"}],"wp:term":[{"taxonomy":"product_brand","embeddable":true,"href":"https:\/\/strona-slubna.mystiweb.com.pl\/en\/wp-json\/wp\/v2\/product_brand?post=271"},{"taxonomy":"product_cat","embeddable":true,"href":"https:\/\/strona-slubna.mystiweb.com.pl\/en\/wp-json\/wp\/v2\/product_cat?post=271"},{"taxonomy":"product_tag","embeddable":true,"href":"https:\/\/strona-slubna.mystiweb.com.pl\/en\/wp-json\/wp\/v2\/product_tag?post=271"}],"curies":[{"name":"wp","href":"https:\/\/api.w.org\/{rel}","templated":true}]}}