{"id":242,"date":"2025-02-03T09:39:22","date_gmt":"2025-02-03T08:39:22","guid":{"rendered":"https:\/\/strona-slubna.mystiweb.com.pl\/?post_type=product&#038;p=242"},"modified":"2025-04-11T13:21:53","modified_gmt":"2025-04-11T11:21:53","slug":"ekspres-cecotec-power-espresso","status":"publish","type":"product","link":"https:\/\/strona-slubna.mystiweb.com.pl\/en\/product\/ekspres-cecotec-power-espresso\/","title":{"rendered":"CECOTEC Power Espresso"},"content":{"rendered":"<p>The choice for real coffee lovers! This automatic machine will allow us to enjoy perfect espresso and cappuccino every day.<\/p>\n<p>Link: https:\/\/www.mediaexpert.pl\/agd-male\/ekspresy-i-kawa\/ekspresy-cisnieniowe\/ekspres-cecotec-power-espresso-20-tradizionale-light-zielony?gad_source=1&amp;gclid=CjwKCAiA74G9BhAEEiwA8kNfpUz05bSiaU1F7N9vNIniAkjfcy2ulenM-EYWMguFMBdhJXeUWG9oXxoC3LwQAvD_BwE<\/p>\n<p class=\"translation-block\">Price: <strong id=\"projector_price_value\" class=\"projector_price_value\"><span class=\"projector_price\">160<span class=\"projector_currency\">$<\/span><\/span><\/strong><\/p>\n<p>The picture of the product is illustrative<\/p>","protected":false},"excerpt":{"rendered":"<p>Wyb\u00f3r dla prawdziwych kawoszy! Ten automatyczny ekspres pozwoli nam cieszy\u0107 si\u0119 idealnym espresso i cappuccino ka\u017cdego dnia. Link do produktu: https:\/\/www.mediaexpert.pl\/agd-male\/ekspresy-i-kawa\/ekspresy-cisnieniowe\/ekspres-cecotec-power-espresso-20-tradizionale-light-zielony?gad_source=1&amp;gclid=CjwKCAiA74G9BhAEEiwA8kNfpUz05bSiaU1F7N9vNIniAkjfcy2ulenM-EYWMguFMBdhJXeUWG9oXxoC3LwQAvD_BwE Cena: 590.00z\u0142 Zd\u0119cie produktu jest pogl\u0105dowe<\/p>","protected":false},"featured_media":361,"template":"","meta":{"_uag_custom_page_level_css":""},"product_brand":[],"product_cat":[20],"product_tag":[],"class_list":{"0":"post-242","1":"product","2":"type-product","3":"status-publish","4":"has-post-thumbnail","6":"product_cat-bez-kategorii","8":"first","9":"instock","10":"virtual","11":"purchasable","12":"product-type-simple"},"uagb_featured_image_src":{"full":["https:\/\/strona-slubna.mystiweb.com.pl\/wp-content\/uploads\/sites\/5\/2025\/02\/96775.jpg",1000,1500,false],"thumbnail":["https:\/\/strona-slubna.mystiweb.com.pl\/wp-content\/uploads\/sites\/5\/2025\/02\/96775-150x150.jpg",150,150,true],"medium":["https:\/\/strona-slubna.mystiweb.com.pl\/wp-content\/uploads\/sites\/5\/2025\/02\/96775-200x300.jpg",200,300,true],"medium_large":["https:\/\/strona-slubna.mystiweb.com.pl\/wp-content\/uploads\/sites\/5\/2025\/02\/96775-768x1152.jpg",768,1152,true],"large":["https:\/\/strona-slubna.mystiweb.com.pl\/wp-content\/uploads\/sites\/5\/2025\/02\/96775-683x1024.jpg",683,1024,true],"1536x1536":["https:\/\/strona-slubna.mystiweb.com.pl\/wp-content\/uploads\/sites\/5\/2025\/02\/96775.jpg",1000,1500,false],"2048x2048":["https:\/\/strona-slubna.mystiweb.com.pl\/wp-content\/uploads\/sites\/5\/2025\/02\/96775.jpg",1000,1500,false],"trp-custom-language-flag":["https:\/\/strona-slubna.mystiweb.com.pl\/wp-content\/uploads\/sites\/5\/2025\/02\/96775.jpg",8,12,false],"woocommerce_thumbnail":["https:\/\/strona-slubna.mystiweb.com.pl\/wp-content\/uploads\/sites\/5\/2025\/02\/96775-300x300.jpg",300,300,true],"woocommerce_single":["https:\/\/strona-slubna.mystiweb.com.pl\/wp-content\/uploads\/sites\/5\/2025\/02\/96775-600x900.jpg",600,900,true],"woocommerce_gallery_thumbnail":["https:\/\/strona-slubna.mystiweb.com.pl\/wp-content\/uploads\/sites\/5\/2025\/02\/96775-100x100.jpg",100,100,true]},"uagb_author_info":{"display_name":"mystiweb","author_link":"https:\/\/strona-slubna.mystiweb.com.pl\/en\/author\/"},"uagb_comment_info":0,"uagb_excerpt":"Wyb\u00f3r dla prawdziwych kawoszy! Ten automatyczny ekspres pozwoli nam cieszy\u0107 si\u0119 idealnym espresso i cappuccino ka\u017cdego dnia. Link do produktu: https:\/\/www.mediaexpert.pl\/agd-male\/ekspresy-i-kawa\/ekspresy-cisnieniowe\/ekspres-cecotec-power-espresso-20-tradizionale-light-zielony?gad_source=1&amp;gclid=CjwKCAiA74G9BhAEEiwA8kNfpUz05bSiaU1F7N9vNIniAkjfcy2ulenM-EYWMguFMBdhJXeUWG9oXxoC3LwQAvD_BwE Cena: 590.00z\u0142 Zd\u0119cie produktu jest pogl\u0105dowe","_links":{"self":[{"href":"https:\/\/strona-slubna.mystiweb.com.pl\/en\/wp-json\/wp\/v2\/product\/242","targetHints":{"allow":["GET"]}}],"collection":[{"href":"https:\/\/strona-slubna.mystiweb.com.pl\/en\/wp-json\/wp\/v2\/product"}],"about":[{"href":"https:\/\/strona-slubna.mystiweb.com.pl\/en\/wp-json\/wp\/v2\/types\/product"}],"wp:featuredmedia":[{"embeddable":true,"href":"https:\/\/strona-slubna.mystiweb.com.pl\/en\/wp-json\/wp\/v2\/media\/361"}],"wp:attachment":[{"href":"https:\/\/strona-slubna.mystiweb.com.pl\/en\/wp-json\/wp\/v2\/media?parent=242"}],"wp:term":[{"taxonomy":"product_brand","embeddable":true,"href":"https:\/\/strona-slubna.mystiweb.com.pl\/en\/wp-json\/wp\/v2\/product_brand?post=242"},{"taxonomy":"product_cat","embeddable":true,"href":"https:\/\/strona-slubna.mystiweb.com.pl\/en\/wp-json\/wp\/v2\/product_cat?post=242"},{"taxonomy":"product_tag","embeddable":true,"href":"https:\/\/strona-slubna.mystiweb.com.pl\/en\/wp-json\/wp\/v2\/product_tag?post=242"}],"curies":[{"name":"wp","href":"https:\/\/api.w.org\/{rel}","templated":true}]}}